{"id":1777,"date":"2025-05-28T15:29:49","date_gmt":"2025-05-28T12:29:49","guid":{"rendered":"https:\/\/veinitee.ee\/central-estonia\/"},"modified":"2025-08-26T16:57:43","modified_gmt":"2025-08-26T13:57:43","slug":"central-estonia","status":"publish","type":"page","link":"https:\/\/veinitee.ee\/en\/central-estonia\/","title":{"rendered":"Central Estonia"},"content":{"rendered":"<div id='aw-routes-slider'  class='avia-fullwidth-slider main_color avia-shadow   avia-builder-el-0  el_before_av_one_fifth  avia-builder-el-first   container_wrap fullsize'  ><div  class='avia-slideshow av-mbakpbuh-083a6e26ad9466608dfccb8c9359f84c avia-slideshow-no scaling av_slideshow_full avia-slide-slider av-slideshow-ui av-control-default av-slideshow-manual av-loop-once av-loop-manual-endless av-default-height-applied   avia-slideshow-1' data-slideshow-options=\"{&quot;animation&quot;:&quot;slide&quot;,&quot;autoplay&quot;:false,&quot;loop_autoplay&quot;:&quot;once&quot;,&quot;interval&quot;:5,&quot;loop_manual&quot;:&quot;manual-endless&quot;,&quot;autoplay_stopper&quot;:false,&quot;noNavigation&quot;:false,&quot;bg_slider&quot;:false,&quot;keep_padding&quot;:false,&quot;hoverpause&quot;:false,&quot;show_slide_delay&quot;:0}\"  itemprop=\"image\" itemscope=\"itemscope\" itemtype=\"https:\/\/schema.org\/ImageObject\" ><ul class='avia-slideshow-inner ' style='padding-bottom: 66.625%;'><li  class='avia-slideshow-slide av-mbakpbuh-083a6e26ad9466608dfccb8c9359f84c__0  av-single-slide slide-1 slide-odd'><div data-rel='slideshow-1' class='avia-slide-wrap '   ><div class='av-slideshow-caption av-mbakpbuh-083a6e26ad9466608dfccb8c9359f84c__0 caption_fullwidth caption_center'><div class=\"container caption_container\"><div class=\"slideshow_caption\"><div class=\"slideshow_inner_caption\"><div class=\"slideshow_align_caption\"><h2 class='avia-caption-title '  itemprop=\"name\" >Estonian wine houses in Central-Estonia<\/h2><div class='avia-caption-content '  itemprop=\"description\" ><p>Habaja, N\u00f6\u00f6skeri m\u00f5dukoda, Eesti Veini Kamber, K\u00e4llom\u00e4e, restoran Oberpahlen Vein&amp;Roog,<\/p>\n<\/div><\/div><\/div><\/div><\/div><\/div><img decoding=\"async\" fetchpriority=\"high\" class=\"wp-image-771 avia-img-lazy-loading-not-771\"  src=\"https:\/\/veinitee.ee\/wp-content\/uploads\/2025\/05\/Poltsamaa-loss-restoran-Oberpahlen-4.jpg\" width=\"800\" height=\"533\" title='Poltsamaa-loss-restoran-Oberpahlen-4' alt=''  itemprop=\"thumbnailUrl\"  style='min-height:500px; min-width:751px; ' srcset=\"https:\/\/veinitee.ee\/wp-content\/uploads\/2025\/05\/Poltsamaa-loss-restoran-Oberpahlen-4.jpg 800w, https:\/\/veinitee.ee\/wp-content\/uploads\/2025\/05\/Poltsamaa-loss-restoran-Oberpahlen-4-300x200.jpg 300w, https:\/\/veinitee.ee\/wp-content\/uploads\/2025\/05\/Poltsamaa-loss-restoran-Oberpahlen-4-768x512.jpg 768w, https:\/\/veinitee.ee\/wp-content\/uploads\/2025\/05\/Poltsamaa-loss-restoran-Oberpahlen-4-705x470.jpg 705w\" sizes=\"(max-width: 800px) 100vw, 800px\" \/><div class='av-section-color-overlay' style='opacity: 0.2; background-color: #860a03; '><\/div><\/div><\/li><\/ul><\/div><\/div><div id='after_full_slider_1'  class='main_color av_default_container_wrap container_wrap fullsize'  ><div class='container av-section-cont-open' ><div class='template-page content  av-content-full alpha units'><div class='post-entry post-entry-type-page post-entry-1777'><div class='entry-content-wrapper clearfix'>\n<div  class='flex_column av-1hfr4f-eb00c5a59e75cd84a0596dbd7e17e4d6 av_one_fifth  avia-builder-el-1  el_after_av_slideshow_full  el_before_av_three_fifth  avia-builder-el-first  first flex_column_div  '     ><\/div>\n<div  class='flex_column av-17imn3-1f5cdb30d81bc51e0ef9d1d37018094b av_three_fifth  avia-builder-el-2  el_after_av_one_fifth  el_before_av_one_fifth  flex_column_div  '     ><section  class='av_textblock_section av-mbakpgt6-814ef5c67a4e773aae09ea6cdd492c5f '   itemscope=\"itemscope\" itemtype=\"https:\/\/schema.org\/CreativeWork\" ><div class='avia_textblock aw-members-posts-intro-text'  itemprop=\"text\" ><div class=\"et_pb_row et_pb_row_0\">\n<div class=\"et_pb_row et_pb_row_0\">\n<div class=\"et_pb_column et_pb_column_4_4 et_pb_column_0 et_pb_css_mix_blend_mode_passthrough et-last-child\">\n<div class=\"et_pb_module et_pb_text et_pb_text_0 et_pb_text_align_center et_pb_bg_layout_light\">\n<div class=\"et_pb_text_inner\">\n<p style=\"text-align: center;\">In the centre of Estonia, you can enjoy a wide range of services: wineries, a mead house, as well as centers introducing wines from Estonian Wine Trail producers. These create an opportunity to experience a wide selection of Estonian producers along with matched tasting experiences. To arrange an experience, contact us, explore the possibilities and choose a suitable time. Discover new terroir on Estonian Wine Trail!<\/p>\n<\/div>\n<\/div>\n<\/div>\n<\/div>\n<\/div>\n<\/div><\/section><\/div>\n<div  class='flex_column av-12qu87-9477289f946296f854407a750e6ade63 av_one_fifth  avia-builder-el-4  el_after_av_three_fifth  el_before_av_section  avia-builder-el-last  flex_column_div  '     ><\/div>\n<\/div><\/div><\/div><!-- close content main div --><\/div><\/div><div id='aw-members-posts-stats-col'  class='avia-section av-wl9dj-90d319c4c09de6a7a4cb965249a49f9c main_color avia-section-default avia-no-border-styling  avia-builder-el-5  el_after_av_one_fifth  el_before_av_codeblock  avia-bg-style-scroll container_wrap fullsize'  ><div class='container av-section-cont-open' ><div class='template-page content  av-content-full alpha units'><div class='post-entry post-entry-type-page post-entry-1777'><div class='entry-content-wrapper clearfix'>\n<div  class='flex_column av-qi8cf-caee9df36876c34f9fa56c794dcd6664 av_one_fourth  avia-builder-el-6  el_before_av_one_fourth  avia-builder-el-first  aw-members-posts-stats first flex_column_div  '     ><div  class=\"avia-animated-number av-mbakpivb-70392e057cbc018a378e3d4c81a5787b av-force-default-color avia_animate_when_visible  avia-builder-el-7  avia-builder-el-no-sibling  \" data-timer=\"3000\"><strong class=\"heading avia-animated-number-title\"><span class=\"avia-single-number __av-single-number\" data-number_format=\"\" data-number=\"5\" data-start_from=\"0\">5<\/span><\/strong><div class=\"avia-animated-number-content\"><p>Wineries<\/p>\n<\/div><\/div><\/div><div  class='flex_column av-2ax27-a399052f724a7b4d86c42f9f912ac7d6 av_one_fourth  avia-builder-el-8  el_after_av_one_fourth  el_before_av_one_fourth  aw-members-posts-stats flex_column_div  '     ><div  class=\"avia-animated-number av-mbakpm55-ddca72572d22b3692b81ef29c48c5a82 av-force-default-color avia_animate_when_visible  avia-builder-el-9  avia-builder-el-no-sibling  \" data-timer=\"3000\"><strong class=\"heading avia-animated-number-title\"><span class=\"avia-single-number __av-single-number\" data-number_format=\"\" data-number=\"295\" data-start_from=\"0\">295<\/span><\/strong><div class=\"avia-animated-number-content\"><p>KM<\/p>\n<\/div><\/div><\/div><div  class='flex_column av-dv4uv-d6840c4c6ec378619e5aa8c46afbc369 av_one_fourth  avia-builder-el-10  el_after_av_one_fourth  el_before_av_one_fourth  aw-members-posts-stats flex_column_div  '     ><div  class=\"avia-animated-number av-mbakpp4j-b026b40b4962121d4c71319c5d5df209 av-force-default-color avia_animate_when_visible  avia-builder-el-11  avia-builder-el-no-sibling  \" data-timer=\"3000\"><strong class=\"heading avia-animated-number-title\"><span class=\"avia-single-number __av-single-number\" data-number_format=\"\" data-number=\"50\" data-start_from=\"0\">50<\/span><\/strong><div class=\"avia-animated-number-content\"><p>Different wines<\/p>\n<\/div><\/div><\/div><div  class='flex_column av-9rozj-9b26a5b1e4a8910860514ee955d4a82c av_one_fourth  avia-builder-el-12  el_after_av_one_fourth  avia-builder-el-last  aw-members-posts-stats flex_column_div  '     ><div  class=\"avia-animated-number av-mbakpqyg-2a15501e22e02a60734a03f3ee62b473 av-force-default-color avia_animate_when_visible  avia-builder-el-13  avia-builder-el-no-sibling  \" data-timer=\"3000\"><strong class=\"heading avia-animated-number-title\"><span class=\"avia-single-number __av-single-number\" data-number_format=\"\" data-number=\"1\" data-start_from=\"0\">1<\/span><\/strong><div class=\"avia-animated-number-content\"><p>Day<\/p>\n<\/div><\/div><\/div>\n<\/div><\/div><\/div><!-- close content main div --><\/div><\/div><div id='after_section_1'  class='main_color av_default_container_wrap container_wrap fullsize'  ><div class='container av-section-cont-open' ><div class='template-page content  av-content-full alpha units'><div class='post-entry post-entry-type-page post-entry-1777'><div class='entry-content-wrapper clearfix'>\n\n<\/div><\/div><\/div><!-- close content main div --><\/div><\/div>\n<style type=\"text\/css\" data-created_by=\"avia_inline_auto\" id=\"style-css-av-1er36n-0aafb371c7df7f603f3b829be0ed0ec2\">\n.avia-section.av-1er36n-0aafb371c7df7f603f3b829be0ed0ec2{\nbackground-color:#f4e1e1;\nbackground-image:url(https:\/\/veinitee.ee\/wp-content\/uploads\/2025\/05\/veinitee_avaleht_joongraafika_majaga.png);\nbackground-repeat:no-repeat;\nbackground-position:50% 50%;\nbackground-attachment:scroll;\n}\n.avia-section.av-1er36n-0aafb371c7df7f603f3b829be0ed0ec2 .av-section-color-overlay{\nopacity:0.5;\n}\n<\/style>\n<div id='av_section_2'  class='avia-section av-1er36n-0aafb371c7df7f603f3b829be0ed0ec2 main_color avia-section-default avia-no-border-styling  avia-builder-el-15  el_after_av_codeblock  avia-builder-el-last  avia-full-stretch avia-bg-style-scroll av-section-color-overlay-active container_wrap fullsize'  data-section-bg-repeat='stretch'><div class=\"av-section-color-overlay-wrap\"><div class=\"av-section-color-overlay\"><\/div><div class='container av-section-cont-open' ><div class='template-page content  av-content-full alpha units'><div class='post-entry post-entry-type-page post-entry-1777'><div class='entry-content-wrapper clearfix'>\n\n<style type=\"text\/css\" data-created_by=\"avia_inline_auto\" id=\"style-css-av-198dmv-243de20336d9fe39f5e3b848a5da734a\">\n#top .hr.hr-invisible.av-198dmv-243de20336d9fe39f5e3b848a5da734a{\nheight:20px;\n}\n<\/style>\n<div  class='hr av-198dmv-243de20336d9fe39f5e3b848a5da734a hr-invisible  avia-builder-el-16  el_before_av_heading  avia-builder-el-first '><span class='hr-inner '><span class=\"hr-inner-style\"><\/span><\/span><\/div>\n\n<style type=\"text\/css\" data-created_by=\"avia_inline_auto\" id=\"style-css-av-1415nz-8921567a2ebeb269b52f9fc3336f28bc\">\n#top .av-special-heading.av-1415nz-8921567a2ebeb269b52f9fc3336f28bc{\npadding-bottom:10px;\n}\nbody .av-special-heading.av-1415nz-8921567a2ebeb269b52f9fc3336f28bc .av-special-heading-tag .heading-char{\nfont-size:25px;\n}\n.av-special-heading.av-1415nz-8921567a2ebeb269b52f9fc3336f28bc .av-subheading{\nfont-size:15px;\n}\n<\/style>\n<div  class='av-special-heading av-1415nz-8921567a2ebeb269b52f9fc3336f28bc av-special-heading-h3 blockquote modern-quote modern-centered  avia-builder-el-17  el_after_av_hr  el_before_av_hr '><h3 class='av-special-heading-tag '  itemprop=\"headline\"  > Explore other Estonian Wine Trail routes<\/h3><div class=\"special-heading-border\"><div class=\"special-heading-inner-border\"><\/div><\/div><\/div>\n\n<style type=\"text\/css\" data-created_by=\"avia_inline_auto\" id=\"style-css-av-upw7z-f2ed75212a0753209090e0499190ff2e\">\n#top .hr.hr-invisible.av-upw7z-f2ed75212a0753209090e0499190ff2e{\nheight:30px;\n}\n<\/style>\n<div  class='hr av-upw7z-f2ed75212a0753209090e0499190ff2e hr-invisible  avia-builder-el-18  el_after_av_heading  el_before_av_buttonrow '><span class='hr-inner '><span class=\"hr-inner-style\"><\/span><\/span><\/div>\n<div  class='avia-buttonrow-wrap av-mcja6has-a29003d6b3a4d07c202ac08398188a82 avia-buttonrow-center  avia-builder-el-19  el_after_av_hr  avia-builder-el-last  veinitee-button-marsruut'>\n\n<style type=\"text\/css\" data-created_by=\"avia_inline_auto\" id=\"style-css-av-qxwdz-2d7f52396fdf087700f662b8c6f9f2c0\">\n#top #wrap_all .avia-button.av-qxwdz-2d7f52396fdf087700f662b8c6f9f2c0{\nmargin-bottom:5px;\nmargin-right:3px;\nmargin-left:3px;\n}\n<\/style>\n<a href='https:\/\/veinitee.ee\/en\/north-estonia\/'  class='avia-button av-qxwdz-2d7f52396fdf087700f662b8c6f9f2c0 avia-icon_select-no avia-size-small avia-color-theme-color'   aria-label=\"North-Estonia\"><span class='avia_iconbox_title' >North-Estonia<\/span><\/a>\n\n<style type=\"text\/css\" data-created_by=\"avia_inline_auto\" id=\"style-css-av-loduv-fa8d677cb08272aefd57c3338702b1fe\">\n#top #wrap_all .avia-button.av-loduv-fa8d677cb08272aefd57c3338702b1fe{\nmargin-bottom:5px;\nmargin-right:3px;\nmargin-left:3px;\n}\n<\/style>\n<a href='https:\/\/veinitee.ee\/en\/west-estonia\/'  class='avia-button av-loduv-fa8d677cb08272aefd57c3338702b1fe avia-icon_select-no avia-size-small avia-color-theme-color'   aria-label=\"West-Estonia\"><span class='avia_iconbox_title' >West-Estonia<\/span><\/a>\n\n<style type=\"text\/css\" data-created_by=\"avia_inline_auto\" id=\"style-css-av-d22k7-aecd673c90f6080685a731a531f85288\">\n#top #wrap_all .avia-button.av-d22k7-aecd673c90f6080685a731a531f85288{\nmargin-bottom:5px;\nmargin-right:3px;\nmargin-left:3px;\n}\n<\/style>\n<a href='https:\/\/veinitee.ee\/en\/south-estonian-route\/'  class='avia-button av-d22k7-aecd673c90f6080685a731a531f85288 avia-icon_select-no avia-size-small avia-color-theme-color'   aria-label=\"South-Estonian\"><span class='avia_iconbox_title' >South-Estonian<\/span><\/a>\n\n<style type=\"text\/css\" data-created_by=\"avia_inline_auto\" id=\"style-css-av-bkhjr-ce11c266d9dcc4f59282c2973f8a336e\">\n#top #wrap_all .avia-button.av-bkhjr-ce11c266d9dcc4f59282c2973f8a336e{\nmargin-bottom:5px;\nmargin-right:3px;\nmargin-left:3px;\n}\n<\/style>\n<a href='https:\/\/veinitee.ee\/en\/east-estonia\/'  class='avia-button av-bkhjr-ce11c266d9dcc4f59282c2973f8a336e avia-icon_select-no avia-size-small avia-color-theme-color'   aria-label=\"East-Estonia\"><span class='avia_iconbox_title' >East-Estonia<\/span><\/a>\n<\/div>\n\n","protected":false},"excerpt":{"rendered":"","protected":false},"author":2,"featured_media":0,"parent":0,"menu_order":0,"comment_status":"closed","ping_status":"closed","template":"","meta":{"_acf_changed":false,"footnotes":""},"class_list":["post-1777","page","type-page","status-publish","hentry"],"acf":[],"_links":{"self":[{"href":"https:\/\/veinitee.ee\/en\/wp-json\/wp\/v2\/pages\/1777","targetHints":{"allow":["GET"]}}],"collection":[{"href":"https:\/\/veinitee.ee\/en\/wp-json\/wp\/v2\/pages"}],"about":[{"href":"https:\/\/veinitee.ee\/en\/wp-json\/wp\/v2\/types\/page"}],"author":[{"embeddable":true,"href":"https:\/\/veinitee.ee\/en\/wp-json\/wp\/v2\/users\/2"}],"replies":[{"embeddable":true,"href":"https:\/\/veinitee.ee\/en\/wp-json\/wp\/v2\/comments?post=1777"}],"version-history":[{"count":11,"href":"https:\/\/veinitee.ee\/en\/wp-json\/wp\/v2\/pages\/1777\/revisions"}],"predecessor-version":[{"id":1826,"href":"https:\/\/veinitee.ee\/en\/wp-json\/wp\/v2\/pages\/1777\/revisions\/1826"}],"wp:attachment":[{"href":"https:\/\/veinitee.ee\/en\/wp-json\/wp\/v2\/media?parent=1777"}],"curies":[{"name":"wp","href":"https:\/\/api.w.org\/{rel}","templated":true}]}}