{"id":1593,"date":"2025-05-28T15:28:13","date_gmt":"2025-05-28T12:28:13","guid":{"rendered":"https:\/\/veinitee.ee\/south-estonian-route\/"},"modified":"2025-08-26T14:52:56","modified_gmt":"2025-08-26T11:52:56","slug":"south-estonian-route","status":"publish","type":"page","link":"https:\/\/veinitee.ee\/en\/south-estonian-route\/","title":{"rendered":"South-Estonian route"},"content":{"rendered":"<div id='aw-routes-slider'  class='avia-fullwidth-slider main_color avia-shadow   avia-builder-el-0  el_before_av_one_fifth  avia-builder-el-first   container_wrap fullsize'  ><div  class='avia-slideshow av-mbafrq93-44c8cd81e35bc7d449f18cb47086b5cb avia-slideshow-no scaling av_slideshow_full avia-slide-slider av-slideshow-ui av-control-default av-slideshow-manual av-loop-once av-loop-manual-endless av-default-height-applied   avia-slideshow-1' data-slideshow-options=\"{&quot;animation&quot;:&quot;slide&quot;,&quot;autoplay&quot;:false,&quot;loop_autoplay&quot;:&quot;once&quot;,&quot;interval&quot;:5,&quot;loop_manual&quot;:&quot;manual-endless&quot;,&quot;autoplay_stopper&quot;:false,&quot;noNavigation&quot;:false,&quot;bg_slider&quot;:false,&quot;keep_padding&quot;:false,&quot;hoverpause&quot;:false,&quot;show_slide_delay&quot;:0}\"  itemprop=\"image\" itemscope=\"itemscope\" itemtype=\"https:\/\/schema.org\/ImageObject\" ><ul class='avia-slideshow-inner ' style='padding-bottom: 56.25%;'><li  class='avia-slideshow-slide av-mbafrq93-44c8cd81e35bc7d449f18cb47086b5cb__0  av-single-slide slide-1 slide-odd'><div data-rel='slideshow-1' class='avia-slide-wrap '   ><div class='av-slideshow-caption av-mbafrq93-44c8cd81e35bc7d449f18cb47086b5cb__0 caption_fullwidth caption_center'><div class=\"container caption_container\"><div class=\"slideshow_caption\"><div class=\"slideshow_inner_caption\"><div class=\"slideshow_align_caption\"><h2 class='avia-caption-title '  itemprop=\"name\" >South-Estonian route<\/h2><div class='avia-caption-content '  itemprop=\"description\" ><p>Kanarbiku veinitalu, J\u00e4riste Veinitalu, Kodas siidrikoda, R\u00fc\u00fcp veinid, Murim\u00e4e Veinikelder, Veinim\u00e4e talu, Pindi veinitalu ja Uue-Saaluse veinitalu<\/p>\n<\/div><\/div><\/div><\/div><\/div><\/div><img decoding=\"async\" fetchpriority=\"high\" class=\"wp-image-761 avia-img-lazy-loading-not-761\"  src=\"https:\/\/veinitee.ee\/wp-content\/uploads\/2025\/05\/Eestiveinitee_Jariste_Veinitalu_Regent_kasvuhoones-scaled_cropped.jpg\" width=\"1920\" height=\"1080\" title='binary comment' alt=''  itemprop=\"thumbnailUrl\"  style='min-height:500px; min-width:889px; ' srcset=\"https:\/\/veinitee.ee\/wp-content\/uploads\/2025\/05\/Eestiveinitee_Jariste_Veinitalu_Regent_kasvuhoones-scaled_cropped.jpg 1920w, https:\/\/veinitee.ee\/wp-content\/uploads\/2025\/05\/Eestiveinitee_Jariste_Veinitalu_Regent_kasvuhoones-scaled_cropped-300x169.jpg 300w, https:\/\/veinitee.ee\/wp-content\/uploads\/2025\/05\/Eestiveinitee_Jariste_Veinitalu_Regent_kasvuhoones-scaled_cropped-1030x579.jpg 1030w, https:\/\/veinitee.ee\/wp-content\/uploads\/2025\/05\/Eestiveinitee_Jariste_Veinitalu_Regent_kasvuhoones-scaled_cropped-768x432.jpg 768w, https:\/\/veinitee.ee\/wp-content\/uploads\/2025\/05\/Eestiveinitee_Jariste_Veinitalu_Regent_kasvuhoones-scaled_cropped-1536x864.jpg 1536w, https:\/\/veinitee.ee\/wp-content\/uploads\/2025\/05\/Eestiveinitee_Jariste_Veinitalu_Regent_kasvuhoones-scaled_cropped-1500x844.jpg 1500w, https:\/\/veinitee.ee\/wp-content\/uploads\/2025\/05\/Eestiveinitee_Jariste_Veinitalu_Regent_kasvuhoones-scaled_cropped-705x397.jpg 705w\" sizes=\"(max-width: 1920px) 100vw, 1920px\" \/><div class='av-section-color-overlay' style='opacity: 0.2; background-color: #860a03; '><\/div><\/div><\/li><\/ul><\/div><\/div><div id='after_full_slider_1'  class='main_color av_default_container_wrap container_wrap fullsize'  ><div class='container av-section-cont-open' ><div class='template-page content  av-content-full alpha units'><div class='post-entry post-entry-type-page post-entry-1593'><div class='entry-content-wrapper clearfix'>\n<div  class='flex_column av-1efnwx-0f17823fbbe1437d2887d013e7010b5e av_one_fifth  avia-builder-el-1  el_after_av_slideshow_full  el_before_av_three_fifth  avia-builder-el-first  first flex_column_div  '     ><\/div>\n<div  class='flex_column av-19tpdl-702055bb05f6bcb9b5075bf057b784ee av_three_fifth  avia-builder-el-2  el_after_av_one_fifth  el_before_av_one_fifth  flex_column_div  '     ><section  class='av_textblock_section av-mbafrv7b-4053cbdc97597a201d6639dc540fd892 '   itemscope=\"itemscope\" itemtype=\"https:\/\/schema.org\/CreativeWork\" ><div class='avia_textblock aw-members-posts-intro-text'  itemprop=\"text\" ><div class=\"et_pb_row et_pb_row_0\">\n<div class=\"et_pb_row et_pb_row_0\">\n<div class=\"et_pb_column et_pb_column_4_4 et_pb_column_0 et_pb_css_mix_blend_mode_passthrough et-last-child\">\n<div class=\"et_pb_module et_pb_text et_pb_text_0 et_pb_text_align_center et_pb_bg_layout_light\">\n<div class=\"et_pb_text_inner\">\n<p style=\"text-align: center\">Visit seven wineries, learn about Estonian viticulture and try local fruit, berry and grape wines. Enjoy local food and spend the night in beautiful Tartu, Otep\u00e4\u00e4 or V\u00f5ru.<br \/>\nDiscover new terroir on Estonian wine trail<\/p>\n<\/div>\n<\/div>\n<\/div>\n<\/div>\n<\/div>\n<\/div><\/section><\/div>\n<div  class='flex_column av-13q521-33174b8c7767e056d7ddab29bb4d0bd5 av_one_fifth  avia-builder-el-4  el_after_av_three_fifth  el_before_av_section  avia-builder-el-last  flex_column_div  '     ><\/div>\n<\/div><\/div><\/div><!-- close content main div --><\/div><\/div><div id='aw-members-posts-stats-col'  class='avia-section av-yan8x-eb093b2db3e2b90dbe77f82b5ba05fca main_color avia-section-default avia-no-border-styling  avia-builder-el-5  el_after_av_one_fifth  el_before_av_codeblock  avia-bg-style-scroll container_wrap fullsize'  ><div class='container av-section-cont-open' ><div class='template-page content  av-content-full alpha units'><div class='post-entry post-entry-type-page post-entry-1593'><div class='entry-content-wrapper clearfix'>\n<div  class='flex_column av-s7icx-2cdd33f219d2c8e1b7a8f348267aad35 av_one_fourth  avia-builder-el-6  el_before_av_one_fourth  avia-builder-el-first  aw-members-posts-stats first flex_column_div  '     ><div  class=\"avia-animated-number av-mbafrzhn-51ea0da6260b4ebdd7a099b1f69913ab av-force-default-color avia_animate_when_visible  avia-builder-el-7  avia-builder-el-no-sibling  \" data-timer=\"3000\"><strong class=\"heading avia-animated-number-title\"><span class=\"avia-single-number __av-single-number\" data-number_format=\"\" data-number=\"10\" data-start_from=\"0\">10<\/span><\/strong><div class=\"avia-animated-number-content\"><p>Wineries<\/p>\n<\/div><\/div><\/div><div  class='flex_column av-jrl01-ae20f09721c42c2d7011a606f442b2d9 av_one_fourth  avia-builder-el-8  el_after_av_one_fourth  el_before_av_one_fourth  aw-members-posts-stats flex_column_div  '     ><div  class=\"avia-animated-number av-mbafs31l-19cf75cc5d1d885474ad8c2153cf05bf av-force-default-color avia_animate_when_visible  avia-builder-el-9  avia-builder-el-no-sibling  \" data-timer=\"3000\"><strong class=\"heading avia-animated-number-title\"><span class=\"avia-single-number __av-single-number\" data-number_format=\"\" data-number=\"385\" data-start_from=\"0\">385<\/span><\/strong><div class=\"avia-animated-number-content\"><p>KM<\/p>\n<\/div><\/div><\/div><div  class='flex_column av-crf2h-783d735c52374cb0128a05119cd52cf7 av_one_fourth  avia-builder-el-10  el_after_av_one_fourth  el_before_av_one_fourth  aw-members-posts-stats flex_column_div  '     ><div  class=\"avia-animated-number av-mbafs5rp-fa6f3c1dc3ba03b5da2ef14f4c11524f av-force-default-color avia_animate_when_visible  avia-builder-el-11  avia-builder-el-no-sibling  \" data-timer=\"3000\"><strong class=\"heading avia-animated-number-title\"><span class=\"avia-single-number __av-single-number\" data-number_format=\"\" data-number=\"54\" data-start_from=\"0\">54<\/span><\/strong><div class=\"avia-animated-number-content\"><p>Different wines<\/p>\n<\/div><\/div><\/div><div  class='flex_column av-8dqdd-2da8a3260ac066154789dc6260c8763d av_one_fourth  avia-builder-el-12  el_after_av_one_fourth  avia-builder-el-last  aw-members-posts-stats flex_column_div  '     ><div  class=\"avia-animated-number av-mbafs7l0-753458495b2bfc363e059fe4f69d26c3 av-force-default-color avia_animate_when_visible  avia-builder-el-13  avia-builder-el-no-sibling  \" data-timer=\"3000\"><strong class=\"heading avia-animated-number-title\"><span class=\"avia-single-number __av-single-number\" data-number_format=\"\" data-number=\"2\" data-start_from=\"0\">2<\/span><\/strong><div class=\"avia-animated-number-content\"><p>Days<\/p>\n<\/div><\/div><\/div>\n<\/div><\/div><\/div><!-- close content main div --><\/div><\/div><div id='after_section_1'  class='main_color av_default_container_wrap container_wrap fullsize'  ><div class='container av-section-cont-open' ><div class='template-page content  av-content-full alpha units'><div class='post-entry post-entry-type-page post-entry-1593'><div class='entry-content-wrapper clearfix'>\n\n<\/div><\/div><\/div><!-- close content main div --><\/div><\/div>\n<style type=\"text\/css\" data-created_by=\"avia_inline_auto\" id=\"style-css-av-1emmop-3cef8430a3f27ead9a9ccf9d7d613a43\">\n.avia-section.av-1emmop-3cef8430a3f27ead9a9ccf9d7d613a43{\nbackground-color:#f4e1e1;\nbackground-image:url(https:\/\/veinitee.ee\/wp-content\/uploads\/2025\/05\/veinitee_avaleht_joongraafika_majaga.png);\nbackground-repeat:no-repeat;\nbackground-position:50% 50%;\nbackground-attachment:scroll;\n}\n.avia-section.av-1emmop-3cef8430a3f27ead9a9ccf9d7d613a43 .av-section-color-overlay{\nopacity:0.5;\n}\n<\/style>\n<div id='av_section_2'  class='avia-section av-1emmop-3cef8430a3f27ead9a9ccf9d7d613a43 main_color avia-section-default avia-no-border-styling  avia-builder-el-15  el_after_av_codeblock  avia-builder-el-last  avia-full-stretch avia-bg-style-scroll av-section-color-overlay-active container_wrap fullsize'  data-section-bg-repeat='stretch'><div class=\"av-section-color-overlay-wrap\"><div class=\"av-section-color-overlay\"><\/div><div class='container av-section-cont-open' ><div class='template-page content  av-content-full alpha units'><div class='post-entry post-entry-type-page post-entry-1593'><div class='entry-content-wrapper clearfix'>\n\n<style type=\"text\/css\" data-created_by=\"avia_inline_auto\" id=\"style-css-av-17labd-120bd1fc85e079eaa7d475e63df71866\">\n#top .hr.hr-invisible.av-17labd-120bd1fc85e079eaa7d475e63df71866{\nheight:20px;\n}\n<\/style>\n<div  class='hr av-17labd-120bd1fc85e079eaa7d475e63df71866 hr-invisible  avia-builder-el-16  el_before_av_heading  avia-builder-el-first '><span class='hr-inner '><span class=\"hr-inner-style\"><\/span><\/span><\/div>\n\n<style type=\"text\/css\" data-created_by=\"avia_inline_auto\" id=\"style-css-av-12rhdd-d8cad48a8a906e3203353d5e516d7292\">\n#top .av-special-heading.av-12rhdd-d8cad48a8a906e3203353d5e516d7292{\npadding-bottom:10px;\n}\nbody .av-special-heading.av-12rhdd-d8cad48a8a906e3203353d5e516d7292 .av-special-heading-tag .heading-char{\nfont-size:25px;\n}\n.av-special-heading.av-12rhdd-d8cad48a8a906e3203353d5e516d7292 .av-subheading{\nfont-size:15px;\n}\n<\/style>\n<div  class='av-special-heading av-12rhdd-d8cad48a8a906e3203353d5e516d7292 av-special-heading-h3 blockquote modern-quote modern-centered  avia-builder-el-17  el_after_av_hr  el_before_av_hr '><h3 class='av-special-heading-tag '  itemprop=\"headline\"  > Explore other Estonian Wine Trail routes<\/h3><div class=\"special-heading-border\"><div class=\"special-heading-inner-border\"><\/div><\/div><\/div>\n\n<style type=\"text\/css\" data-created_by=\"avia_inline_auto\" id=\"style-css-av-vb10p-c0c7dddb3d78d02dd87eeea1b6b861ef\">\n#top .hr.hr-invisible.av-vb10p-c0c7dddb3d78d02dd87eeea1b6b861ef{\nheight:30px;\n}\n<\/style>\n<div  class='hr av-vb10p-c0c7dddb3d78d02dd87eeea1b6b861ef hr-invisible  avia-builder-el-18  el_after_av_heading  el_before_av_buttonrow '><span class='hr-inner '><span class=\"hr-inner-style\"><\/span><\/span><\/div>\n<div  class='avia-buttonrow-wrap av-mcja72jp-0a1feb6579ad75d9dec0055502328def avia-buttonrow-center  avia-builder-el-19  el_after_av_hr  avia-builder-el-last  veinitee-button-marsruut'>\n\n<style type=\"text\/css\" data-created_by=\"avia_inline_auto\" id=\"style-css-av-omp0h-69bf75375624507368c166a8ffe63ef9\">\n#top #wrap_all .avia-button.av-omp0h-69bf75375624507368c166a8ffe63ef9{\nmargin-bottom:5px;\nmargin-right:3px;\nmargin-left:3px;\n}\n<\/style>\n<a href='https:\/\/veinitee.ee\/en\/north-estonia\/'  class='avia-button av-omp0h-69bf75375624507368c166a8ffe63ef9 avia-icon_select-no avia-size-small avia-color-theme-color'   aria-label=\"North-Estonia\"><span class='avia_iconbox_title' >North-Estonia<\/span><\/a>\n\n<style type=\"text\/css\" data-created_by=\"avia_inline_auto\" id=\"style-css-av-24uox-429cc4adaa74b3684b8a3384a6bce925\">\n#top #wrap_all .avia-button.av-24uox-429cc4adaa74b3684b8a3384a6bce925{\nmargin-bottom:5px;\nmargin-right:3px;\nmargin-left:3px;\n}\n<\/style>\n<a href='https:\/\/veinitee.ee\/en\/west-estonia\/'  class='avia-button av-24uox-429cc4adaa74b3684b8a3384a6bce925 avia-icon_select-no avia-size-small avia-color-theme-color'   aria-label=\"West-Estonia\"><span class='avia_iconbox_title' >West-Estonia<\/span><\/a>\n\n<style type=\"text\/css\" data-created_by=\"avia_inline_auto\" id=\"style-css-av-f4zbd-e764e47c6d9302d1e7b6e7a7efbe1b87\">\n#top #wrap_all .avia-button.av-f4zbd-e764e47c6d9302d1e7b6e7a7efbe1b87{\nmargin-bottom:5px;\nmargin-right:3px;\nmargin-left:3px;\n}\n<\/style>\n<a href='https:\/\/veinitee.ee\/en\/east-estonia\/'  class='avia-button av-f4zbd-e764e47c6d9302d1e7b6e7a7efbe1b87 avia-icon_select-no avia-size-small avia-color-theme-color'   aria-label=\"East-Estonia\"><span class='avia_iconbox_title' >East-Estonia<\/span><\/a>\n\n<style type=\"text\/css\" data-created_by=\"avia_inline_auto\" id=\"style-css-av-at47d-517befbc54d0f40db913a8a4c8140ef6\">\n#top #wrap_all .avia-button.av-at47d-517befbc54d0f40db913a8a4c8140ef6{\nmargin-bottom:5px;\nmargin-right:3px;\nmargin-left:3px;\n}\n<\/style>\n<a href='https:\/\/veinitee.ee\/en\/central-estonia\/'  class='avia-button av-at47d-517befbc54d0f40db913a8a4c8140ef6 avia-icon_select-no avia-size-small avia-color-theme-color'   aria-label=\"Middle-Estonia\"><span class='avia_iconbox_title' >Middle-Estonia<\/span><\/a>\n<\/div>\n\n","protected":false},"excerpt":{"rendered":"","protected":false},"author":2,"featured_media":0,"parent":0,"menu_order":0,"comment_status":"closed","ping_status":"closed","template":"","meta":{"_acf_changed":false,"footnotes":""},"class_list":["post-1593","page","type-page","status-publish","hentry"],"acf":[],"_links":{"self":[{"href":"https:\/\/veinitee.ee\/en\/wp-json\/wp\/v2\/pages\/1593","targetHints":{"allow":["GET"]}}],"collection":[{"href":"https:\/\/veinitee.ee\/en\/wp-json\/wp\/v2\/pages"}],"about":[{"href":"https:\/\/veinitee.ee\/en\/wp-json\/wp\/v2\/types\/page"}],"author":[{"embeddable":true,"href":"https:\/\/veinitee.ee\/en\/wp-json\/wp\/v2\/users\/2"}],"replies":[{"embeddable":true,"href":"https:\/\/veinitee.ee\/en\/wp-json\/wp\/v2\/comments?post=1593"}],"version-history":[{"count":7,"href":"https:\/\/veinitee.ee\/en\/wp-json\/wp\/v2\/pages\/1593\/revisions"}],"predecessor-version":[{"id":1805,"href":"https:\/\/veinitee.ee\/en\/wp-json\/wp\/v2\/pages\/1593\/revisions\/1805"}],"wp:attachment":[{"href":"https:\/\/veinitee.ee\/en\/wp-json\/wp\/v2\/media?parent=1593"}],"curies":[{"name":"wp","href":"https:\/\/api.w.org\/{rel}","templated":true}]}}